{"id":32,"date":"2017-05-23T19:17:07","date_gmt":"2017-05-23T17:17:07","guid":{"rendered":"http:\/\/www.etiennegrenier-avocat.fr\/?page_id=32"},"modified":"2019-07-02T09:32:08","modified_gmt":"2019-07-02T07:32:08","slug":"droit-penal","status":"publish","type":"page","link":"https:\/\/www.etiennegrenier-avocat.fr\/index.php\/activites\/droit-penal\/","title":{"rendered":"Droit p\u00e9nal"},"content":{"rendered":"<h2 style=\"text-align: center;\" align=\"justify\">A<span style=\"color: #000000;\">ssistance suite \u00e0 la commission de contraventions, d\u00e9lits ou crimes<\/span><\/h2>\n<ul>\n<li><span style=\"color: #000000;\"><strong>De\u0301fense devant les juridictions<\/strong> (Tribunal Police, Tribunal Correctionnel, Chambre des Appels Correctionnel, Cour d&rsquo;Assises, juridictions spe\u0301cialise\u0301es\u2026) <\/span><\/li>\n<li><span style=\"color: #000000;\"><strong>Assistance<\/strong> lors d\u2019un placement en garde a\u0300 vue<\/span><\/li>\n<li><span style=\"color: #000000;\"><strong>Droit de la presse<\/strong> ( diffamation, injures, &#8230;)<\/span><\/li>\n<li><strong><span style=\"color: #000000;\">Infractions \u00e0 la l\u00e9gislation sur les stup\u00e9fiants<\/span><\/strong><\/li>\n<li><span style=\"color: #000000;\"><strong>D\u00e9lits routiers<\/strong>&nbsp;: alcool\u00e9mie au volant, contentieux du permis de conduire, exc\u00e8s de vitesse,&#8230;<\/span><\/li>\n<li><span style=\"color: #000000;\"><strong>Am\u00e9nagement de peines<\/strong>&nbsp;: placement sous surveillance \u00e9lectronique, lib\u00e9ration conditionnelle, semi-libert\u00e9,&#8230;<\/span><\/li>\n<li><span style=\"color: #000000;\"><strong>Demande d&rsquo;effacement d&rsquo;une condamnation p\u00e9nale<\/strong> sur le B2 du casier judiciaire<\/span><\/li>\n<\/ul>\n","protected":false},"excerpt":{"rendered":"<p>Assistance suite \u00e0 la commission de contraventions, d\u00e9lits ou crimes De\u0301fense devant les juridictions (Tribunal Police, Tribunal Correctionnel, Chambre des Appels Correctionnel, Cour d&rsquo;Assises, juridictions spe\u0301cialise\u0301es\u2026) Assistance lors d\u2019un placement en garde a\u0300 vue Droit de la presse ( diffamation, [&hellip;]<\/p>\n","protected":false},"author":1,"featured_media":242,"parent":42,"menu_order":0,"comment_status":"closed","ping_status":"closed","template":"page-templates\/page_fullwidth.php","meta":{"jetpack_post_was_ever_published":false,"footnotes":""},"class_list":["post-32","page","type-page","status-publish","has-post-thumbnail","hentry","clearfix"],"yoast_head":"<!-- This site is optimized with the Yoast SEO plugin v27.3 - https:\/\/yoast.com\/product\/yoast-seo-wordpress\/ -->\n<title>Droit p\u00e9nal - Etienne Grenier<\/title>\n<meta name=\"robots\" content=\"index, follow, max-snippet:-1, max-image-preview:large, max-video-preview:-1\" \/>\n<link rel=\"canonical\" href=\"https:\/\/www.etiennegrenier-avocat.fr\/index.php\/activites\/droit-penal\/\" \/>\n<meta property=\"og:locale\" content=\"fr_FR\" \/>\n<meta property=\"og:type\" content=\"article\" \/>\n<meta property=\"og:title\" content=\"Droit p\u00e9nal - Etienne Grenier\" \/>\n<meta property=\"og:description\" content=\"Assistance suite \u00e0 la commission de contraventions, d\u00e9lits ou crimes De\u0301fense devant les juridictions (Tribunal Police, Tribunal Correctionnel, Chambre des Appels Correctionnel, Cour d&rsquo;Assises, juridictions spe\u0301cialise\u0301es\u2026) Assistance lors d\u2019un placement en garde a\u0300 vue Droit de la presse ( diffamation, [&hellip;]\" \/>\n<meta property=\"og:url\" content=\"https:\/\/www.etiennegrenier-avocat.fr\/index.php\/activites\/droit-penal\/\" \/>\n<meta property=\"og:site_name\" content=\"Etienne Grenier\" \/>\n<meta property=\"article:modified_time\" content=\"2019-07-02T07:32:08+00:00\" \/>\n<meta property=\"og:image\" content=\"https:\/\/www.etiennegrenier-avocat.fr\/wp-content\/uploads\/2019\/07\/avocat-bordeaux-centre.jpg\" \/>\n\t<meta property=\"og:image:width\" content=\"1171\" \/>\n\t<meta property=\"og:image:height\" content=\"703\" \/>\n\t<meta property=\"og:image:type\" content=\"image\/jpeg\" \/>\n<meta name=\"twitter:card\" content=\"summary_large_image\" \/>\n<script type=\"application\/ld+json\" class=\"yoast-schema-graph\">{\"@context\":\"https:\\\/\\\/schema.org\",\"@graph\":[{\"@type\":\"WebPage\",\"@id\":\"https:\\\/\\\/www.etiennegrenier-avocat.fr\\\/index.php\\\/activites\\\/droit-penal\\\/\",\"url\":\"https:\\\/\\\/www.etiennegrenier-avocat.fr\\\/index.php\\\/activites\\\/droit-penal\\\/\",\"name\":\"Droit p\u00e9nal - Etienne Grenier\",\"isPartOf\":{\"@id\":\"https:\\\/\\\/www.etiennegrenier-avocat.fr\\\/#website\"},\"primaryImageOfPage\":{\"@id\":\"https:\\\/\\\/www.etiennegrenier-avocat.fr\\\/index.php\\\/activites\\\/droit-penal\\\/#primaryimage\"},\"image\":{\"@id\":\"https:\\\/\\\/www.etiennegrenier-avocat.fr\\\/index.php\\\/activites\\\/droit-penal\\\/#primaryimage\"},\"thumbnailUrl\":\"https:\\\/\\\/www.etiennegrenier-avocat.fr\\\/wp-content\\\/uploads\\\/2019\\\/07\\\/avocat-bordeaux-centre.jpg\",\"datePublished\":\"2017-05-23T17:17:07+00:00\",\"dateModified\":\"2019-07-02T07:32:08+00:00\",\"breadcrumb\":{\"@id\":\"https:\\\/\\\/www.etiennegrenier-avocat.fr\\\/index.php\\\/activites\\\/droit-penal\\\/#breadcrumb\"},\"inLanguage\":\"fr-BE\",\"potentialAction\":[{\"@type\":\"ReadAction\",\"target\":[\"https:\\\/\\\/www.etiennegrenier-avocat.fr\\\/index.php\\\/activites\\\/droit-penal\\\/\"]}]},{\"@type\":\"ImageObject\",\"inLanguage\":\"fr-BE\",\"@id\":\"https:\\\/\\\/www.etiennegrenier-avocat.fr\\\/index.php\\\/activites\\\/droit-penal\\\/#primaryimage\",\"url\":\"https:\\\/\\\/www.etiennegrenier-avocat.fr\\\/wp-content\\\/uploads\\\/2019\\\/07\\\/avocat-bordeaux-centre.jpg\",\"contentUrl\":\"https:\\\/\\\/www.etiennegrenier-avocat.fr\\\/wp-content\\\/uploads\\\/2019\\\/07\\\/avocat-bordeaux-centre.jpg\",\"width\":1171,\"height\":703},{\"@type\":\"BreadcrumbList\",\"@id\":\"https:\\\/\\\/www.etiennegrenier-avocat.fr\\\/index.php\\\/activites\\\/droit-penal\\\/#breadcrumb\",\"itemListElement\":[{\"@type\":\"ListItem\",\"position\":1,\"name\":\"Accueil\",\"item\":\"https:\\\/\\\/www.etiennegrenier-avocat.fr\\\/\"},{\"@type\":\"ListItem\",\"position\":2,\"name\":\"Activit\u00e9s\",\"item\":\"https:\\\/\\\/www.etiennegrenier-avocat.fr\\\/?page_id=42\"},{\"@type\":\"ListItem\",\"position\":3,\"name\":\"Droit p\u00e9nal\"}]},{\"@type\":\"WebSite\",\"@id\":\"https:\\\/\\\/www.etiennegrenier-avocat.fr\\\/#website\",\"url\":\"https:\\\/\\\/www.etiennegrenier-avocat.fr\\\/\",\"name\":\"Etienne Grenier\",\"description\":\"Avocat \u00e0 la Cour\",\"potentialAction\":[{\"@type\":\"SearchAction\",\"target\":{\"@type\":\"EntryPoint\",\"urlTemplate\":\"https:\\\/\\\/www.etiennegrenier-avocat.fr\\\/?s={search_term_string}\"},\"query-input\":{\"@type\":\"PropertyValueSpecification\",\"valueRequired\":true,\"valueName\":\"search_term_string\"}}],\"inLanguage\":\"fr-BE\"}]}<\/script>\n<!-- \/ Yoast SEO plugin. -->","yoast_head_json":{"title":"Droit p\u00e9nal - Etienne Grenier","robots":{"index":"index","follow":"follow","max-snippet":"max-snippet:-1","max-image-preview":"max-image-preview:large","max-video-preview":"max-video-preview:-1"},"canonical":"https:\/\/www.etiennegrenier-avocat.fr\/index.php\/activites\/droit-penal\/","og_locale":"fr_FR","og_type":"article","og_title":"Droit p\u00e9nal - Etienne Grenier","og_description":"Assistance suite \u00e0 la commission de contraventions, d\u00e9lits ou crimes De\u0301fense devant les juridictions (Tribunal Police, Tribunal Correctionnel, Chambre des Appels Correctionnel, Cour d&rsquo;Assises, juridictions spe\u0301cialise\u0301es\u2026) Assistance lors d\u2019un placement en garde a\u0300 vue Droit de la presse ( diffamation, [&hellip;]","og_url":"https:\/\/www.etiennegrenier-avocat.fr\/index.php\/activites\/droit-penal\/","og_site_name":"Etienne Grenier","article_modified_time":"2019-07-02T07:32:08+00:00","og_image":[{"width":1171,"height":703,"url":"https:\/\/www.etiennegrenier-avocat.fr\/wp-content\/uploads\/2019\/07\/avocat-bordeaux-centre.jpg","type":"image\/jpeg"}],"twitter_card":"summary_large_image","schema":{"@context":"https:\/\/schema.org","@graph":[{"@type":"WebPage","@id":"https:\/\/www.etiennegrenier-avocat.fr\/index.php\/activites\/droit-penal\/","url":"https:\/\/www.etiennegrenier-avocat.fr\/index.php\/activites\/droit-penal\/","name":"Droit p\u00e9nal - Etienne Grenier","isPartOf":{"@id":"https:\/\/www.etiennegrenier-avocat.fr\/#website"},"primaryImageOfPage":{"@id":"https:\/\/www.etiennegrenier-avocat.fr\/index.php\/activites\/droit-penal\/#primaryimage"},"image":{"@id":"https:\/\/www.etiennegrenier-avocat.fr\/index.php\/activites\/droit-penal\/#primaryimage"},"thumbnailUrl":"https:\/\/www.etiennegrenier-avocat.fr\/wp-content\/uploads\/2019\/07\/avocat-bordeaux-centre.jpg","datePublished":"2017-05-23T17:17:07+00:00","dateModified":"2019-07-02T07:32:08+00:00","breadcrumb":{"@id":"https:\/\/www.etiennegrenier-avocat.fr\/index.php\/activites\/droit-penal\/#breadcrumb"},"inLanguage":"fr-BE","potentialAction":[{"@type":"ReadAction","target":["https:\/\/www.etiennegrenier-avocat.fr\/index.php\/activites\/droit-penal\/"]}]},{"@type":"ImageObject","inLanguage":"fr-BE","@id":"https:\/\/www.etiennegrenier-avocat.fr\/index.php\/activites\/droit-penal\/#primaryimage","url":"https:\/\/www.etiennegrenier-avocat.fr\/wp-content\/uploads\/2019\/07\/avocat-bordeaux-centre.jpg","contentUrl":"https:\/\/www.etiennegrenier-avocat.fr\/wp-content\/uploads\/2019\/07\/avocat-bordeaux-centre.jpg","width":1171,"height":703},{"@type":"BreadcrumbList","@id":"https:\/\/www.etiennegrenier-avocat.fr\/index.php\/activites\/droit-penal\/#breadcrumb","itemListElement":[{"@type":"ListItem","position":1,"name":"Accueil","item":"https:\/\/www.etiennegrenier-avocat.fr\/"},{"@type":"ListItem","position":2,"name":"Activit\u00e9s","item":"https:\/\/www.etiennegrenier-avocat.fr\/?page_id=42"},{"@type":"ListItem","position":3,"name":"Droit p\u00e9nal"}]},{"@type":"WebSite","@id":"https:\/\/www.etiennegrenier-avocat.fr\/#website","url":"https:\/\/www.etiennegrenier-avocat.fr\/","name":"Etienne Grenier","description":"Avocat \u00e0 la Cour","potentialAction":[{"@type":"SearchAction","target":{"@type":"EntryPoint","urlTemplate":"https:\/\/www.etiennegrenier-avocat.fr\/?s={search_term_string}"},"query-input":{"@type":"PropertyValueSpecification","valueRequired":true,"valueName":"search_term_string"}}],"inLanguage":"fr-BE"}]}},"jetpack_sharing_enabled":true,"jetpack_shortlink":"https:\/\/wp.me\/P8LLNm-w","_links":{"self":[{"href":"https:\/\/www.etiennegrenier-avocat.fr\/index.php\/wp-json\/wp\/v2\/pages\/32","targetHints":{"allow":["GET"]}}],"collection":[{"href":"https:\/\/www.etiennegrenier-avocat.fr\/index.php\/wp-json\/wp\/v2\/pages"}],"about":[{"href":"https:\/\/www.etiennegrenier-avocat.fr\/index.php\/wp-json\/wp\/v2\/types\/page"}],"author":[{"embeddable":true,"href":"https:\/\/www.etiennegrenier-avocat.fr\/index.php\/wp-json\/wp\/v2\/users\/1"}],"replies":[{"embeddable":true,"href":"https:\/\/www.etiennegrenier-avocat.fr\/index.php\/wp-json\/wp\/v2\/comments?post=32"}],"version-history":[{"count":14,"href":"https:\/\/www.etiennegrenier-avocat.fr\/index.php\/wp-json\/wp\/v2\/pages\/32\/revisions"}],"predecessor-version":[{"id":243,"href":"https:\/\/www.etiennegrenier-avocat.fr\/index.php\/wp-json\/wp\/v2\/pages\/32\/revisions\/243"}],"up":[{"embeddable":true,"href":"https:\/\/www.etiennegrenier-avocat.fr\/index.php\/wp-json\/wp\/v2\/pages\/42"}],"wp:featuredmedia":[{"embeddable":true,"href":"https:\/\/www.etiennegrenier-avocat.fr\/index.php\/wp-json\/wp\/v2\/media\/242"}],"wp:attachment":[{"href":"https:\/\/www.etiennegrenier-avocat.fr\/index.php\/wp-json\/wp\/v2\/media?parent=32"}],"curies":[{"name":"wp","href":"https:\/\/api.w.org\/{rel}","templated":true}]}}