{"id":49,"date":"2017-05-23T19:04:45","date_gmt":"2017-05-23T17:04:45","guid":{"rendered":"http:\/\/www.etiennegrenier-avocat.fr\/?page_id=49"},"modified":"2019-07-01T13:02:25","modified_gmt":"2019-07-01T11:02:25","slug":"honoraires","status":"publish","type":"page","link":"https:\/\/www.etiennegrenier-avocat.fr\/index.php\/honoraires\/","title":{"rendered":"Honoraires"},"content":{"rendered":"\n<p><strong>L&rsquo;article 11<\/strong> du R\u00e8glement Int\u00e9rieur Nationale (R.I.N.) de la profession d&rsquo;avocat <strong>pr\u00e9voit que les honoraires sont librement fix\u00e9s entre l&rsquo;avocat et son client<\/strong> en fonction de la situation de fortune du client, de la difficult\u00e9 de l&rsquo;affaire, des frais expos\u00e9s par l&rsquo;avocat, de sa notori\u00e9t\u00e9 et des diligences de celui-ci.<\/p>\n\n\n\n<p>Les honoraires et leurs\nmodalit\u00e9s de r\u00e8glement font l\u2019objet d\u2019une convention\nd\u2019honoraires.<\/p>\n\n\n\n<h2 class=\"wp-block-heading\">Aide juridictionnelle<\/h2>\n\n\n\n<p><strong>L&rsquo;aide juridictionnelle vous permet de b\u00e9n\u00e9ficier d&rsquo;une prise en charge totale ou partielle <\/strong>par l&rsquo;\u00c9tat des honoraires et frais de justice (avocat, huissier, etc.) si vous avez de faibles ressources. Vous pouvez demander cette aide avant ou apr\u00e8s que l&rsquo;affaire soit engag\u00e9e. La demande se fait par formulaire.<\/p>\n\n\n\n<p><strong>Le cabinet s&rsquo;engage a accompagn\u00e9 ses clients<\/strong> dans la constitution de leurs dossiers de demande d&rsquo;aide juridictionnelle.<\/p>\n\n\n\n<p style=\"text-align:justify\"><strong>Vous trouverez ci-joint le formulaire pour obtenir l&rsquo;aide juridictionnelle&nbsp;:<\/strong><\/p>\n\n\n\n<p><a rel=\"noreferrer noopener\" aria-label=\" (opens in a new tab)\" href=\"http:\/\/www.etiennegrenier-avocat.fr\/wp-content\/uploads\/2019\/07\/cerfa_15626-01.pdf\" target=\"_blank\">Formulaire de demande d&rsquo;aide juridictionnelle<\/a><\/p>\n\n\n\n<p><strong>Vous trouverez ci-joint le bar\u00e8me de l&rsquo;aide juridictionnelle\u00a0:<\/strong><\/p>\n\n\n\n<p><a href=\"http:\/\/www.etiennegrenier-avocat.fr\/wp-content\/uploads\/2019\/07\/Justice.fr-.pdf\">Bar\u00e8me d&rsquo;aide juridictionnelle<\/a><\/p>\n","protected":false},"excerpt":{"rendered":"<p>L&rsquo;article 11 du R\u00e8glement Int\u00e9rieur Nationale (R.I.N.) de la profession d&rsquo;avocat pr\u00e9voit que les honoraires sont librement fix\u00e9s entre l&rsquo;avocat et son client en fonction de la situation de fortune du client, de la difficult\u00e9 de l&rsquo;affaire, des frais expos\u00e9s [&hellip;]<\/p>\n","protected":false},"author":1,"featured_media":0,"parent":0,"menu_order":0,"comment_status":"closed","ping_status":"closed","template":"page-templates\/page_fullwidth.php","meta":{"jetpack_post_was_ever_published":false,"footnotes":""},"class_list":["post-49","page","type-page","status-publish","hentry","clearfix"],"yoast_head":"<!-- This site is optimized with the Yoast SEO plugin v27.3 - https:\/\/yoast.com\/product\/yoast-seo-wordpress\/ -->\n<title>Honoraires - Etienne Grenier<\/title>\n<meta name=\"robots\" content=\"index, follow, max-snippet:-1, max-image-preview:large, max-video-preview:-1\" \/>\n<link rel=\"canonical\" href=\"https:\/\/www.etiennegrenier-avocat.fr\/index.php\/honoraires\/\" \/>\n<meta property=\"og:locale\" content=\"fr_FR\" \/>\n<meta property=\"og:type\" content=\"article\" \/>\n<meta property=\"og:title\" content=\"Honoraires - Etienne Grenier\" \/>\n<meta property=\"og:description\" content=\"L&rsquo;article 11 du R\u00e8glement Int\u00e9rieur Nationale (R.I.N.) de la profession d&rsquo;avocat pr\u00e9voit que les honoraires sont librement fix\u00e9s entre l&rsquo;avocat et son client en fonction de la situation de fortune du client, de la difficult\u00e9 de l&rsquo;affaire, des frais expos\u00e9s [&hellip;]\" \/>\n<meta property=\"og:url\" content=\"https:\/\/www.etiennegrenier-avocat.fr\/index.php\/honoraires\/\" \/>\n<meta property=\"og:site_name\" content=\"Etienne Grenier\" \/>\n<meta property=\"article:modified_time\" content=\"2019-07-01T11:02:25+00:00\" \/>\n<meta name=\"twitter:card\" content=\"summary_large_image\" \/>\n<meta name=\"twitter:label1\" content=\"Dur\u00e9e de lecture est.\" \/>\n\t<meta name=\"twitter:data1\" content=\"1 minute\" \/>\n<script type=\"application\/ld+json\" class=\"yoast-schema-graph\">{\"@context\":\"https:\\\/\\\/schema.org\",\"@graph\":[{\"@type\":\"WebPage\",\"@id\":\"https:\\\/\\\/www.etiennegrenier-avocat.fr\\\/index.php\\\/honoraires\\\/\",\"url\":\"https:\\\/\\\/www.etiennegrenier-avocat.fr\\\/index.php\\\/honoraires\\\/\",\"name\":\"Honoraires - Etienne Grenier\",\"isPartOf\":{\"@id\":\"https:\\\/\\\/www.etiennegrenier-avocat.fr\\\/#website\"},\"datePublished\":\"2017-05-23T17:04:45+00:00\",\"dateModified\":\"2019-07-01T11:02:25+00:00\",\"breadcrumb\":{\"@id\":\"https:\\\/\\\/www.etiennegrenier-avocat.fr\\\/index.php\\\/honoraires\\\/#breadcrumb\"},\"inLanguage\":\"fr-BE\",\"potentialAction\":[{\"@type\":\"ReadAction\",\"target\":[\"https:\\\/\\\/www.etiennegrenier-avocat.fr\\\/index.php\\\/honoraires\\\/\"]}]},{\"@type\":\"BreadcrumbList\",\"@id\":\"https:\\\/\\\/www.etiennegrenier-avocat.fr\\\/index.php\\\/honoraires\\\/#breadcrumb\",\"itemListElement\":[{\"@type\":\"ListItem\",\"position\":1,\"name\":\"Accueil\",\"item\":\"https:\\\/\\\/www.etiennegrenier-avocat.fr\\\/\"},{\"@type\":\"ListItem\",\"position\":2,\"name\":\"Honoraires\"}]},{\"@type\":\"WebSite\",\"@id\":\"https:\\\/\\\/www.etiennegrenier-avocat.fr\\\/#website\",\"url\":\"https:\\\/\\\/www.etiennegrenier-avocat.fr\\\/\",\"name\":\"Etienne Grenier\",\"description\":\"Avocat \u00e0 la Cour\",\"potentialAction\":[{\"@type\":\"SearchAction\",\"target\":{\"@type\":\"EntryPoint\",\"urlTemplate\":\"https:\\\/\\\/www.etiennegrenier-avocat.fr\\\/?s={search_term_string}\"},\"query-input\":{\"@type\":\"PropertyValueSpecification\",\"valueRequired\":true,\"valueName\":\"search_term_string\"}}],\"inLanguage\":\"fr-BE\"}]}<\/script>\n<!-- \/ Yoast SEO plugin. -->","yoast_head_json":{"title":"Honoraires - Etienne Grenier","robots":{"index":"index","follow":"follow","max-snippet":"max-snippet:-1","max-image-preview":"max-image-preview:large","max-video-preview":"max-video-preview:-1"},"canonical":"https:\/\/www.etiennegrenier-avocat.fr\/index.php\/honoraires\/","og_locale":"fr_FR","og_type":"article","og_title":"Honoraires - Etienne Grenier","og_description":"L&rsquo;article 11 du R\u00e8glement Int\u00e9rieur Nationale (R.I.N.) de la profession d&rsquo;avocat pr\u00e9voit que les honoraires sont librement fix\u00e9s entre l&rsquo;avocat et son client en fonction de la situation de fortune du client, de la difficult\u00e9 de l&rsquo;affaire, des frais expos\u00e9s [&hellip;]","og_url":"https:\/\/www.etiennegrenier-avocat.fr\/index.php\/honoraires\/","og_site_name":"Etienne Grenier","article_modified_time":"2019-07-01T11:02:25+00:00","twitter_card":"summary_large_image","twitter_misc":{"Dur\u00e9e de lecture est.":"1 minute"},"schema":{"@context":"https:\/\/schema.org","@graph":[{"@type":"WebPage","@id":"https:\/\/www.etiennegrenier-avocat.fr\/index.php\/honoraires\/","url":"https:\/\/www.etiennegrenier-avocat.fr\/index.php\/honoraires\/","name":"Honoraires - Etienne Grenier","isPartOf":{"@id":"https:\/\/www.etiennegrenier-avocat.fr\/#website"},"datePublished":"2017-05-23T17:04:45+00:00","dateModified":"2019-07-01T11:02:25+00:00","breadcrumb":{"@id":"https:\/\/www.etiennegrenier-avocat.fr\/index.php\/honoraires\/#breadcrumb"},"inLanguage":"fr-BE","potentialAction":[{"@type":"ReadAction","target":["https:\/\/www.etiennegrenier-avocat.fr\/index.php\/honoraires\/"]}]},{"@type":"BreadcrumbList","@id":"https:\/\/www.etiennegrenier-avocat.fr\/index.php\/honoraires\/#breadcrumb","itemListElement":[{"@type":"ListItem","position":1,"name":"Accueil","item":"https:\/\/www.etiennegrenier-avocat.fr\/"},{"@type":"ListItem","position":2,"name":"Honoraires"}]},{"@type":"WebSite","@id":"https:\/\/www.etiennegrenier-avocat.fr\/#website","url":"https:\/\/www.etiennegrenier-avocat.fr\/","name":"Etienne Grenier","description":"Avocat \u00e0 la Cour","potentialAction":[{"@type":"SearchAction","target":{"@type":"EntryPoint","urlTemplate":"https:\/\/www.etiennegrenier-avocat.fr\/?s={search_term_string}"},"query-input":{"@type":"PropertyValueSpecification","valueRequired":true,"valueName":"search_term_string"}}],"inLanguage":"fr-BE"}]}},"jetpack_sharing_enabled":true,"jetpack_shortlink":"https:\/\/wp.me\/P8LLNm-N","_links":{"self":[{"href":"https:\/\/www.etiennegrenier-avocat.fr\/index.php\/wp-json\/wp\/v2\/pages\/49","targetHints":{"allow":["GET"]}}],"collection":[{"href":"https:\/\/www.etiennegrenier-avocat.fr\/index.php\/wp-json\/wp\/v2\/pages"}],"about":[{"href":"https:\/\/www.etiennegrenier-avocat.fr\/index.php\/wp-json\/wp\/v2\/types\/page"}],"author":[{"embeddable":true,"href":"https:\/\/www.etiennegrenier-avocat.fr\/index.php\/wp-json\/wp\/v2\/users\/1"}],"replies":[{"embeddable":true,"href":"https:\/\/www.etiennegrenier-avocat.fr\/index.php\/wp-json\/wp\/v2\/comments?post=49"}],"version-history":[{"count":5,"href":"https:\/\/www.etiennegrenier-avocat.fr\/index.php\/wp-json\/wp\/v2\/pages\/49\/revisions"}],"predecessor-version":[{"id":240,"href":"https:\/\/www.etiennegrenier-avocat.fr\/index.php\/wp-json\/wp\/v2\/pages\/49\/revisions\/240"}],"wp:attachment":[{"href":"https:\/\/www.etiennegrenier-avocat.fr\/index.php\/wp-json\/wp\/v2\/media?parent=49"}],"curies":[{"name":"wp","href":"https:\/\/api.w.org\/{rel}","templated":true}]}}